{"id":1349,"date":"2020-10-03T17:19:40","date_gmt":"2020-10-03T15:19:40","guid":{"rendered":"http:\/\/enerlec.com\/?page_id=1349"},"modified":"2020-12-16T15:51:46","modified_gmt":"2020-12-16T14:51:46","slug":"electricite-batiment","status":"publish","type":"page","link":"https:\/\/enerlec.com\/?page_id=1349","title":{"rendered":"Electricit\u00e9 B\u00e2timent"},"content":{"rendered":"<p><div class=\"fusion-fullwidth fullwidth-box nonhundred-percent-fullwidth non-hundred-percent-height-scrolling\"  style='background-color: #fed03d;background-position: left top;background-repeat: no-repeat;padding-top:50px;padding-right:0px;padding-bottom:50px;padding-left:0px;'><div class=\"fusion-builder-row fusion-row \"><div  class=\"fusion-layout-column fusion_builder_column fusion_builder_column_1_1 fusion-builder-column-1 fusion-one-full fusion-column-first fusion-column-last 1_1\"  style='margin-top:0px;margin-bottom:0px;'>\n\t\t\t\t\t<div class=\"fusion-column-wrapper\" style=\"padding: 0px 0px 0px 0px;background-position:left top;background-repeat:no-repeat;-webkit-background-size:cover;-moz-background-size:cover;-o-background-size:cover;background-size:cover;\"   data-bg-url=\"\">\n\t\t\t\t\t\t<div class=\"fusion-title title fusion-title-1 fusion-sep-none fusion-title-center fusion-title-size-two\" style=\"margin-top:0px;margin-bottom:20px;\"><h2 class=\"title-heading-center\" style=\"margin:0;\">DOMAINES DE COMP\u00c9TENCE<\/h2><\/div><div class=\"fusion-clearfix\"><\/div>\n\n\t\t\t\t\t<\/div>\n\t\t\t\t<\/div><\/div><\/div><div class=\"fusion-fullwidth fullwidth-box nonhundred-percent-fullwidth non-hundred-percent-height-scrolling\"  style='background-color: #ffffff;background-position: left top;background-repeat: no-repeat;padding-top:40px;padding-right:0px;padding-bottom:10px;padding-left:0px;margin-bottom: 2%;'><div class=\"fusion-builder-row fusion-row \"><div  class=\"fusion-layout-column fusion_builder_column fusion_builder_column_1_1 fusion-builder-column-2 fusion-one-full fusion-column-first fusion-column-last 1_1\"  style='margin-top:0px;margin-bottom:0px;'>\n\t\t\t\t\t<div class=\"fusion-column-wrapper\" style=\"padding: 2% 0px 0px 0px;background-position:left top;background-repeat:no-repeat;-webkit-background-size:cover;-moz-background-size:cover;-o-background-size:cover;background-size:cover;\"   data-bg-url=\"\">\n\t\t\t\t\t\t<div class=\"fusion-tabs fusion-tabs-1 classic vertical-tabs icon-position-left\"><style type=\"text\/css\">.fusion-tabs.fusion-tabs-1 .nav-tabs li a{border-top-color:#f5f5f5;background-color:#f5f5f5;}.fusion-tabs.fusion-tabs-1 .nav-tabs{background-color:#ffffff;}.fusion-tabs.fusion-tabs-1 .nav-tabs li.active a,.fusion-tabs.fusion-tabs-1 .nav-tabs li.active a:hover,.fusion-tabs.fusion-tabs-1 .nav-tabs li.active a:focus{border-right-color:#ffffff;}.fusion-tabs.fusion-tabs-1 .nav-tabs li.active a,.fusion-tabs.fusion-tabs-1 .nav-tabs li.active a:hover,.fusion-tabs.fusion-tabs-1 .nav-tabs li.active a:focus{background-color:#ffffff;}.fusion-tabs.fusion-tabs-1 .nav-tabs li a:hover{background-color:#ffffff;border-top-color:#ffffff;}.fusion-tabs.fusion-tabs-1 .tab-pane{background-color:#ffffff;}.fusion-tabs.fusion-tabs-1 .nav,.fusion-tabs.fusion-tabs-1 .nav-tabs,.fusion-tabs.fusion-tabs-1 .tab-content .tab-pane{border-color:#f5f5f5;}<\/style><div class=\"nav\"><ul class=\"nav-tabs\"><li class=\"active\"><a class=\"tab-link\" data-toggle=\"tab\" id=\"fusion-tab-electricit\u00e9b\u00e2timent\" href=\"#tab-40485e9fd00633bcdca\"><h4 class=\"fusion-tab-heading\">Electricit\u00e9 B\u00e2timent<\/h4><\/a><\/li><\/ul><\/div><div class=\"tab-content\"><div class=\"nav fusion-mobile-tab-nav\"><ul class=\"nav-tabs\"><li class=\"active\"><a class=\"tab-link\" data-toggle=\"tab\" id=\"mobile-fusion-tab-electricit\u00e9b\u00e2timent\" href=\"#tab-40485e9fd00633bcdca\"><h4 class=\"fusion-tab-heading\">Electricit\u00e9 B\u00e2timent<\/h4><\/a><\/li><\/ul><\/div><div class=\"tab-pane fade fusion-clearfix in active\" id=\"tab-40485e9fd00633bcdca\">Plusieurs \u00e9quipes sp\u00e9cialis\u00e9es de la Soci\u00e9t\u00e9 assurent ce service \u00e0 travers les \u00e9tudes d\u2019ex\u00e9cution (Plan d\u2019ex\u00e9cution, dimensionnement de l\u2019installation \u00e9lectrique, contr\u00f4le technique,\u2026) et la r\u00e9alisation des travaux \u00e9lectriques apr\u00e8s v\u00e9rification et validation des \u00e9tudes.<br \/>\nPrestations assur\u00e9es :<br \/>\n\u2022 Electricit\u00e9 Courant Fort : Eclairage, climatisation, onduleurs, Protection foudre (Paratonnerres, Parafoudres)<br \/>\n\u2022 Electricit\u00e9 Courant Faible : S\u00e9curit\u00e9 Incendie, Informatique, T\u00e9l\u00e9phonie, Contr\u00f4le d\u2019acc\u00e8s, Vid\u00e9osurveillance, sonorisation.<br \/>\n<img loading=\"lazy\" decoding=\"async\" class=\"alignnone size-medium wp-image-1229\" src=\"http:\/\/enerlec.com\/wp-content\/uploads\/2015\/12\/diy-981404_1920-300x200.jpg\" alt=\"\" width=\"300\" height=\"200\" srcset=\"https:\/\/enerlec.com\/wp-content\/uploads\/2015\/12\/diy-981404_1920-200x133.jpg 200w, https:\/\/enerlec.com\/wp-content\/uploads\/2015\/12\/diy-981404_1920-300x200.jpg 300w, https:\/\/enerlec.com\/wp-content\/uploads\/2015\/12\/diy-981404_1920-400x267.jpg 400w, https:\/\/enerlec.com\/wp-content\/uploads\/2015\/12\/diy-981404_1920-600x400.jpg 600w, https:\/\/enerlec.com\/wp-content\/uploads\/2015\/12\/diy-981404_1920-768x512.jpg 768w, https:\/\/enerlec.com\/wp-content\/uploads\/2015\/12\/diy-981404_1920-800x533.jpg 800w, https:\/\/enerlec.com\/wp-content\/uploads\/2015\/12\/diy-981404_1920-1024x683.jpg 1024w, https:\/\/enerlec.com\/wp-content\/uploads\/2015\/12\/diy-981404_1920-1200x800.jpg 1200w, https:\/\/enerlec.com\/wp-content\/uploads\/2015\/12\/diy-981404_1920.jpg 1920w\" sizes=\"(max-width: 300px) 100vw, 300px\" \/><\/div><\/div><\/div><div class=\"fusion-clearfix\"><\/div>\n\n\t\t\t\t\t<\/div>\n\t\t\t\t<\/div><\/div><\/div><\/p>\n","protected":false},"excerpt":{"rendered":"","protected":false},"author":1,"featured_media":0,"parent":0,"menu_order":0,"comment_status":"closed","ping_status":"closed","template":"100-width.php","meta":{"footnotes":""},"_links":{"self":[{"href":"https:\/\/enerlec.com\/index.php?rest_route=\/wp\/v2\/pages\/1349"}],"collection":[{"href":"https:\/\/enerlec.com\/index.php?rest_route=\/wp\/v2\/pages"}],"about":[{"href":"https:\/\/enerlec.com\/index.php?rest_route=\/wp\/v2\/types\/page"}],"author":[{"embeddable":true,"href":"https:\/\/enerlec.com\/index.php?rest_route=\/wp\/v2\/users\/1"}],"replies":[{"embeddable":true,"href":"https:\/\/enerlec.com\/index.php?rest_route=%2Fwp%2Fv2%2Fcomments&post=1349"}],"version-history":[{"count":1,"href":"https:\/\/enerlec.com\/index.php?rest_route=\/wp\/v2\/pages\/1349\/revisions"}],"predecessor-version":[{"id":1350,"href":"https:\/\/enerlec.com\/index.php?rest_route=\/wp\/v2\/pages\/1349\/revisions\/1350"}],"wp:attachment":[{"href":"https:\/\/enerlec.com\/index.php?rest_route=%2Fwp%2Fv2%2Fmedia&parent=1349"}],"curies":[{"name":"wp","href":"https:\/\/api.w.org\/{rel}","templated":true}]}}