{"id":1301,"date":"2020-10-03T14:24:09","date_gmt":"2020-10-03T12:24:09","guid":{"rendered":"http:\/\/enerlec.com\/?page_id=1301"},"modified":"2020-12-16T15:40:09","modified_gmt":"2020-12-16T14:40:09","slug":"moyens-materiels","status":"publish","type":"page","link":"https:\/\/enerlec.com\/?page_id=1301","title":{"rendered":"Moyens mat\u00e9riels"},"content":{"rendered":"<p><div class=\"fusion-fullwidth fullwidth-box nonhundred-percent-fullwidth non-hundred-percent-height-scrolling\"  style='background-color: #fed03d;background-position: left top;background-repeat: no-repeat;padding-top:50px;padding-right:0px;padding-bottom:50px;padding-left:0px;'><div class=\"fusion-builder-row fusion-row \"><div  class=\"fusion-layout-column fusion_builder_column fusion_builder_column_1_1 fusion-builder-column-1 fusion-one-full fusion-column-first fusion-column-last 1_1\"  style='margin-top:0px;margin-bottom:0px;'>\n\t\t\t\t\t<div class=\"fusion-column-wrapper\" style=\"padding: 0px 0px 0px 0px;background-position:left top;background-repeat:no-repeat;-webkit-background-size:cover;-moz-background-size:cover;-o-background-size:cover;background-size:cover;\"   data-bg-url=\"\">\n\t\t\t\t\t\t<div class=\"fusion-title title fusion-title-1 fusion-sep-none fusion-title-center fusion-title-size-two\" style=\"margin-top:0px;margin-bottom:20px;\"><h2 class=\"title-heading-center\" style=\"margin:0;\">MOYENS HUMAINS ET MAT\u00c9RIELS<\/h2><\/div><div class=\"fusion-clearfix\"><\/div>\n\n\t\t\t\t\t<\/div>\n\t\t\t\t<\/div><\/div><\/div><div class=\"fusion-fullwidth fullwidth-box nonhundred-percent-fullwidth non-hundred-percent-height-scrolling\"  style='background-color: #ffffff;background-position: left top;background-repeat: no-repeat;padding-top:3%;padding-right:0px;padding-bottom:2%;padding-left:0px;'><div class=\"fusion-builder-row fusion-row \"><div  class=\"fusion-layout-column fusion_builder_column fusion_builder_column_1_1 fusion-builder-column-2 fusion-one-full fusion-column-first fusion-column-last 1_1\"  style='margin-top:50px;margin-bottom:25px;'>\n\t\t\t\t\t<div class=\"fusion-column-wrapper\" style=\"padding: 0px 0px 0px 0px;background-position:left top;background-repeat:no-repeat;-webkit-background-size:cover;-moz-background-size:cover;-o-background-size:cover;background-size:cover;\"   data-bg-url=\"\">\n\t\t\t\t\t\t<div class=\"fusion-tabs fusion-tabs-1 clean vertical-tabs icon-position-left\"><style type=\"text\/css\">#wrapper .fusion-tabs.fusion-tabs-1.clean .nav-tabs li a{border-color:rgba(245,245,245,0);}.fusion-tabs.fusion-tabs-1 .nav-tabs li a{background-color:#f5f5f5;}.fusion-tabs.fusion-tabs-1 .nav-tabs li.active a,.fusion-tabs.fusion-tabs-1 .nav-tabs li.active a:hover,.fusion-tabs.fusion-tabs-1 .nav-tabs li.active a:focus{background-color:#fed03d;}.fusion-tabs.fusion-tabs-1 .nav-tabs li a:hover{background-color:#fed03d;border-top-color:#fed03d;}.fusion-tabs.fusion-tabs-1 .tab-pane{background-color:#fed03d;}.fusion-tabs.fusion-tabs-1 .nav,.fusion-tabs.fusion-tabs-1 .nav-tabs,.fusion-tabs.fusion-tabs-1 .tab-content .tab-pane{border-color:rgba(245,245,245,0);}<\/style><div class=\"nav\"><ul class=\"nav-tabs\"><li class=\"active\"><a class=\"tab-link\" data-toggle=\"tab\" id=\"fusion-tab-moyensmat\u00e9riels\" href=\"#tab-aed00b95ca35c90f9d9\"><h4 class=\"fusion-tab-heading\">Moyens mat\u00e9riels<\/h4><\/a><\/li><\/ul><\/div><div class=\"tab-content\"><div class=\"nav fusion-mobile-tab-nav\"><ul class=\"nav-tabs\"><li class=\"active\"><a class=\"tab-link\" data-toggle=\"tab\" id=\"mobile-fusion-tab-moyensmat\u00e9riels\" href=\"#tab-aed00b95ca35c90f9d9\"><h4 class=\"fusion-tab-heading\">Moyens mat\u00e9riels<\/h4><\/a><\/li><\/ul><\/div><div class=\"tab-pane fade fusion-clearfix in active\" id=\"tab-aed00b95ca35c90f9d9\">ENERLEC dispose de divers logiciels de dimensionnement d\u2019installations \u00e9lectriques, de mise en enveloppe, de calcul de niveau d&rsquo;\u00e9clairement (int\u00e9rieur, routes et terrains sportifs), de calcul m\u00e9canique de lignes HTA\/BTA, de dessin, etc.<br \/>\nENERLEC range \u00e9galement parmi ses \u00e9quipements techniques une gamme vari\u00e9e d&rsquo;instruments de contr\u00f4le et de mesure:<br \/>\n\u2022 Multim\u00e8tre analogique et num\u00e9rique<br \/>\n\u2022 Pinces amp\u00e8re m\u00e9trique<br \/>\n\u2022 Contr\u00f4leurs d\u2019installations \u00e9lectriques<br \/>\n\u2022 Contr\u00f4leurs d\u2019isolement<br \/>\n\u2022 Contr\u00f4leurs de terre et de r\u00e9sistivit\u00e9<br \/>\n\u2022 T\u00e9l\u00e9m\u00e8tre<br \/>\n\u2022 Thermom\u00e8tre Infrarouge<br \/>\n\u2022 Etc \u2026.<br \/>\n<img loading=\"lazy\" decoding=\"async\" class=\"alignnone size-medium wp-image-1233\" src=\"http:\/\/enerlec.com\/wp-content\/uploads\/2015\/12\/electrician-3276851_1920-300x200.jpg\" alt=\"\" width=\"300\" height=\"200\" srcset=\"https:\/\/enerlec.com\/wp-content\/uploads\/2015\/12\/electrician-3276851_1920-200x133.jpg 200w, https:\/\/enerlec.com\/wp-content\/uploads\/2015\/12\/electrician-3276851_1920-300x200.jpg 300w, https:\/\/enerlec.com\/wp-content\/uploads\/2015\/12\/electrician-3276851_1920-400x267.jpg 400w, https:\/\/enerlec.com\/wp-content\/uploads\/2015\/12\/electrician-3276851_1920-600x400.jpg 600w, https:\/\/enerlec.com\/wp-content\/uploads\/2015\/12\/electrician-3276851_1920-768x512.jpg 768w, https:\/\/enerlec.com\/wp-content\/uploads\/2015\/12\/electrician-3276851_1920-800x533.jpg 800w, https:\/\/enerlec.com\/wp-content\/uploads\/2015\/12\/electrician-3276851_1920-1024x683.jpg 1024w, https:\/\/enerlec.com\/wp-content\/uploads\/2015\/12\/electrician-3276851_1920-1200x800.jpg 1200w, https:\/\/enerlec.com\/wp-content\/uploads\/2015\/12\/electrician-3276851_1920.jpg 1920w\" sizes=\"(max-width: 300px) 100vw, 300px\" \/><\/div><\/div><\/div><div class=\"fusion-clearfix\"><\/div>\n\n\t\t\t\t\t<\/div>\n\t\t\t\t<\/div><\/div><\/div><\/p>\n","protected":false},"excerpt":{"rendered":"","protected":false},"author":1,"featured_media":0,"parent":0,"menu_order":0,"comment_status":"closed","ping_status":"closed","template":"100-width.php","meta":{"footnotes":""},"_links":{"self":[{"href":"https:\/\/enerlec.com\/index.php?rest_route=\/wp\/v2\/pages\/1301"}],"collection":[{"href":"https:\/\/enerlec.com\/index.php?rest_route=\/wp\/v2\/pages"}],"about":[{"href":"https:\/\/enerlec.com\/index.php?rest_route=\/wp\/v2\/types\/page"}],"author":[{"embeddable":true,"href":"https:\/\/enerlec.com\/index.php?rest_route=\/wp\/v2\/users\/1"}],"replies":[{"embeddable":true,"href":"https:\/\/enerlec.com\/index.php?rest_route=%2Fwp%2Fv2%2Fcomments&post=1301"}],"version-history":[{"count":3,"href":"https:\/\/enerlec.com\/index.php?rest_route=\/wp\/v2\/pages\/1301\/revisions"}],"predecessor-version":[{"id":1342,"href":"https:\/\/enerlec.com\/index.php?rest_route=\/wp\/v2\/pages\/1301\/revisions\/1342"}],"wp:attachment":[{"href":"https:\/\/enerlec.com\/index.php?rest_route=%2Fwp%2Fv2%2Fmedia&parent=1301"}],"curies":[{"name":"wp","href":"https:\/\/api.w.org\/{rel}","templated":true}]}}