{"id":13,"date":"2015-12-04T02:09:22","date_gmt":"2015-12-04T02:09:22","guid":{"rendered":"http:\/\/theme-fusion.com\/avada\/construction\/?page_id=13"},"modified":"2020-11-23T18:45:21","modified_gmt":"2020-11-23T17:45:21","slug":"construction-articles","status":"publish","type":"page","link":"https:\/\/enerlec.com\/?page_id=13","title":{"rendered":"Construction Articles"},"content":{"rendered":"<div class=\"fusion-fullwidth fullwidth-box nonhundred-percent-fullwidth non-hundred-percent-height-scrolling\"  style='background-color: rgba(255,255,255,0);background-position: left top;background-repeat: no-repeat;padding-top:3%;padding-right:0px;padding-bottom:2%;padding-left:0px;'><div class=\"fusion-builder-row fusion-row \"><div  class=\"fusion-layout-column fusion_builder_column fusion_builder_column_1_1 fusion-builder-column-1 fusion-one-full fusion-column-first fusion-column-last 1_1\"  style='margin-top:50px;margin-bottom:25px;'>\n\t\t\t\t\t<div class=\"fusion-column-wrapper\" style=\"padding: 0px 15% 0px 15%;background-position:left top;background-repeat:no-repeat;-webkit-background-size:cover;-moz-background-size:cover;-o-background-size:cover;background-size:cover;\"   data-bg-url=\"\">\n\t\t\t\t\t\t<div class=\"fusion-blog-shortcode fusion-blog-shortcode-1 fusion-blog-archive fusion-blog-layout-large fusion-blog-pagination\"><div class=\"fusion-posts-container fusion-posts-container-pagination fusion-blog-rollover\" data-pages=\"1\"><article id=\"blog-1-post-71\" class=\"fusion-post-large post-71 post type-post status-publish format-standard has-post-thumbnail hentry category-news\">\n\t<style type=\"text\/css\">\n\t\t\n\t\t\n\t\t\n\t\t\n\t\t\t<\/style>\n\n\n\t\t\t<div class=\"fusion-flexslider flexslider fusion-flexslider-loading fusion-post-slideshow\" style=\"\">\n\t\t<ul class=\"slides\">\n\t\t\t\n\t\t\t\t\t\t\t\t\t\t\t\t\t\t<li>\n\n<div  class=\"fusion-image-wrapper\" aria-haspopup=\"true\">\n\t\n\t\n\t\t\n\t\t\t\t\t<img loading=\"lazy\" decoding=\"async\" width=\"1920\" height=\"1280\" src=\"https:\/\/enerlec.com\/wp-content\/uploads\/2015\/12\/electrician-3276851_1920-800x533.jpg\" class=\"attachment-full size-full wp-post-image\" alt=\"\" srcset=\"https:\/\/enerlec.com\/wp-content\/uploads\/2015\/12\/electrician-3276851_1920-200x133.jpg 200w, https:\/\/enerlec.com\/wp-content\/uploads\/2015\/12\/electrician-3276851_1920-400x267.jpg 400w, https:\/\/enerlec.com\/wp-content\/uploads\/2015\/12\/electrician-3276851_1920-600x400.jpg 600w, https:\/\/enerlec.com\/wp-content\/uploads\/2015\/12\/electrician-3276851_1920-800x533.jpg 800w, https:\/\/enerlec.com\/wp-content\/uploads\/2015\/12\/electrician-3276851_1920-1200x800.jpg 1200w, https:\/\/enerlec.com\/wp-content\/uploads\/2015\/12\/electrician-3276851_1920.jpg 1920w\" sizes=\"(max-width: 800px) 100vw, 1200px\" \/>\n\t\n\n\t\t<div class=\"fusion-rollover\">\n\t<div class=\"fusion-rollover-content\">\n\n\t\t\t\t\t\t\t\t\t\t\t\t\t\t<a class=\"fusion-rollover-link\" href=\"https:\/\/enerlec.com\/?p=71\">D\u00e9couvrir l\u2019\u00e9lectricit\u00e9 b\u00e2timent<\/a>\n\t\t\t\n\t\t\t\t\t\t\t\t\t\t\t\t\t\t\n\t\t\t\t\t\t\t\t\n\t\t\t\t\t\t\t\t\t\t\t\t\t<div class=\"fusion-rollover-sep\"><\/div>\n\t\t\t\t\n\t\t\t\t\t\t\t\t\t\t\t\t\t\t\t\t\t\t<a class=\"fusion-rollover-gallery\" href=\"https:\/\/enerlec.com\/wp-content\/uploads\/2015\/12\/electrician-3276851_1920.jpg\" data-id=\"71\" data-rel=\"iLightbox[gallery]\" data-title=\"electrician-3276851_1920\" data-caption=\"\">\n\t\t\t\t\t\tGallery\t\t\t\t\t<\/a>\n\t\t\t\t\t\t\t\t\t\t\t\t\t\t\n\t\t\t\t\n\t\t\t\t\t\t\t\t\t\t\t\t<h4 class=\"fusion-rollover-title\">\n\t\t\t\t\t<a href=\"https:\/\/enerlec.com\/?p=71\">\n\t\t\t\t\t\tD\u00e9couvrir l\u2019\u00e9lectricit\u00e9 b\u00e2timent\t\t\t\t\t<\/a>\n\t\t\t\t<\/h4>\n\t\t\t\n\t\t\t\t\t\t\t\t\t\t\t\t\t\t<div class=\"fusion-rollover-categories\"><a href=\"https:\/\/enerlec.com\/?cat=7\" rel=\"tag\">News<\/a><\/div>\t\t\t\t\t\n\t\t\n\t\t\t\t<a class=\"fusion-link-wrapper\" href=\"https:\/\/enerlec.com\/?p=71\" aria-label=\"D\u00e9couvrir l\u2019\u00e9lectricit\u00e9 b\u00e2timent\"><\/a>\n\t<\/div>\n<\/div>\n\n\t\n<\/div>\n<\/li>\n\t\t\t\n\t\t\t\n\t\t\t\t\t\t\t\t\t\t\t\t\t\t\t\t\t\t\t\t\t\t\t\t\t\t\t\t\t\t\t\t\t\t\t\t\t\t\t\t\t\t\t\t\t\t\t\t\t\t\t\t\t\t\t\t\t\t\t\t\t\t\t\t\t\t\t\t<\/ul>\n\t<\/div>\n\t<div class=\"fusion-post-content post-content\"><h2 class=\"blog-shortcode-post-title entry-title\"><a href=\"https:\/\/enerlec.com\/?p=71\">D\u00e9couvrir l\u2019\u00e9lectricit\u00e9 b\u00e2timent<\/a><\/h2><div class=\"fusion-post-content-container\"><p> D\u00e9couvrir l\u2019\u00e9lectricit\u00e9 b\u00e2timent   L'\u00e9lectricit\u00e9 est l'effet du d\u00e9placement de particules charg\u00e9es \u00e0 l'int\u00e9rieur d'un mat\u00e9riau conducteur, sous l'effet d'une diff\u00e9rence de potentiel aux extr\u00e9mit\u00e9s de celui-ci. Ce ph\u00e9nom\u00e8ne physique est pr\u00e9sent dans de nombreux contextes : l'\u00e9lectricit\u00e9<\/p><\/div><\/div><div class=\"fusion-clearfix\"><\/div><div class=\"fusion-meta-info\"><div class=\"fusion-alignleft\"><span class=\"updated\" style=\"display:none;\">2020-11-23T18:44:13+01:00<\/span>By <span class=\"vcard\"><span class=\"fn\"><a href=\"https:\/\/enerlec.com\/?author=1\" title=\"Articles par webmaster\" rel=\"author\">webmaster<\/a><\/span><\/span><span class=\"fusion-inline-sep\">|<\/span><a href=\"https:\/\/enerlec.com\/?cat=7\" rel=\"category\">News<\/a><span class=\"fusion-inline-sep\">|<\/span><\/div><div class=\"fusion-alignright\"><a class=\"fusion-read-more\" href=\"https:\/\/enerlec.com\/?p=71\">Read More<\/a><\/div><\/div><\/article>\n<article id=\"blog-1-post-69\" class=\"fusion-post-large post-69 post type-post status-publish format-standard has-post-thumbnail hentry category-news tag-house-building tag-how-to-build tag-marketing-plan\">\n\t<style type=\"text\/css\">\n\t\t\n\t\t\n\t\t\n\t\t\n\t\t\t<\/style>\n\n\n\t\t\t<div class=\"fusion-flexslider flexslider fusion-flexslider-loading fusion-post-slideshow\" style=\"\">\n\t\t<ul class=\"slides\">\n\t\t\t\n\t\t\t\t\t\t\t\t\t\t\t\t\t\t<li>\n\n<div  class=\"fusion-image-wrapper\" aria-haspopup=\"true\">\n\t\n\t\n\t\t\n\t\t\t\t\t<img loading=\"lazy\" decoding=\"async\" width=\"1920\" height=\"1280\" src=\"https:\/\/enerlec.com\/wp-content\/uploads\/2020\/09\/tool-3962800_1920-800x533.jpg\" class=\"attachment-full size-full wp-post-image\" alt=\"\" srcset=\"https:\/\/enerlec.com\/wp-content\/uploads\/2020\/09\/tool-3962800_1920-200x133.jpg 200w, https:\/\/enerlec.com\/wp-content\/uploads\/2020\/09\/tool-3962800_1920-400x267.jpg 400w, https:\/\/enerlec.com\/wp-content\/uploads\/2020\/09\/tool-3962800_1920-600x400.jpg 600w, https:\/\/enerlec.com\/wp-content\/uploads\/2020\/09\/tool-3962800_1920-800x533.jpg 800w, https:\/\/enerlec.com\/wp-content\/uploads\/2020\/09\/tool-3962800_1920-1200x800.jpg 1200w, https:\/\/enerlec.com\/wp-content\/uploads\/2020\/09\/tool-3962800_1920.jpg 1920w\" sizes=\"(max-width: 800px) 100vw, 1200px\" \/>\n\t\n\n\t\t<div class=\"fusion-rollover\">\n\t<div class=\"fusion-rollover-content\">\n\n\t\t\t\t\t\t\t\t\t\t\t\t\t\t<a class=\"fusion-rollover-link\" href=\"https:\/\/enerlec.com\/?p=69\">Bonnes pratiques en \u00e9lectricit\u00e9<\/a>\n\t\t\t\n\t\t\t\t\t\t\t\t\t\t\t\t\t\t\n\t\t\t\t\t\t\t\t\n\t\t\t\t\t\t\t\t\t\t\t\t\t<div class=\"fusion-rollover-sep\"><\/div>\n\t\t\t\t\n\t\t\t\t\t\t\t\t\t\t\t\t\t\t\t\t\t\t<a class=\"fusion-rollover-gallery\" href=\"https:\/\/enerlec.com\/wp-content\/uploads\/2020\/09\/tool-3962800_1920.jpg\" data-id=\"69\" data-rel=\"iLightbox[gallery]\" data-title=\"tool-3962800_1920\" data-caption=\"\">\n\t\t\t\t\t\tGallery\t\t\t\t\t<\/a>\n\t\t\t\t\t\t\t\t\t\t\t\t\t\t\n\t\t\t\t\n\t\t\t\t\t\t\t\t\t\t\t\t<h4 class=\"fusion-rollover-title\">\n\t\t\t\t\t<a href=\"https:\/\/enerlec.com\/?p=69\">\n\t\t\t\t\t\tBonnes pratiques en \u00e9lectricit\u00e9\t\t\t\t\t<\/a>\n\t\t\t\t<\/h4>\n\t\t\t\n\t\t\t\t\t\t\t\t\t\t\t\t\t\t<div class=\"fusion-rollover-categories\"><a href=\"https:\/\/enerlec.com\/?cat=7\" rel=\"tag\">News<\/a><\/div>\t\t\t\t\t\n\t\t\n\t\t\t\t<a class=\"fusion-link-wrapper\" href=\"https:\/\/enerlec.com\/?p=69\" aria-label=\"Bonnes pratiques en \u00e9lectricit\u00e9\"><\/a>\n\t<\/div>\n<\/div>\n\n\t\n<\/div>\n<\/li>\n\t\t\t\n\t\t\t\n\t\t\t\t\t\t\t\t\t\t\t\t\t\t\t\t\t\t\t\t\t\t\t\t\t\t\t\t\t\t\t\t\t\t\t\t\t\t\t\t\t\t\t\t\t\t\t\t\t\t\t\t\t\t\t\t\t\t\t\t\t\t\t\t\t\t\t\t<\/ul>\n\t<\/div>\n\t<div class=\"fusion-post-content post-content\"><h2 class=\"blog-shortcode-post-title entry-title\"><a href=\"https:\/\/enerlec.com\/?p=69\">Bonnes pratiques en \u00e9lectricit\u00e9<\/a><\/h2><div class=\"fusion-post-content-container\"><p> Bonnes pratiques  Vous souhaitez faire des \u00e9conomies d\u2019\u00e9nergie au sein de votre habitat ? Pour parvenir \u00e0 votre objectif, il suffit de mettre en place des bonnes pratiques. Cela vous permettra de r\u00e9duire votre consommation d\u2019\u00e9lectricit\u00e9 au quotidien,<\/p><\/div><\/div><div class=\"fusion-clearfix\"><\/div><div class=\"fusion-meta-info\"><div class=\"fusion-alignleft\"><span class=\"updated\" style=\"display:none;\">2020-11-03T12:36:57+01:00<\/span>By <span class=\"vcard\"><span class=\"fn\"><a href=\"https:\/\/enerlec.com\/?author=1\" title=\"Articles par webmaster\" rel=\"author\">webmaster<\/a><\/span><\/span><span class=\"fusion-inline-sep\">|<\/span><a href=\"https:\/\/enerlec.com\/?cat=7\" rel=\"category\">News<\/a><span class=\"fusion-inline-sep\">|<\/span><\/div><div class=\"fusion-alignright\"><a class=\"fusion-read-more\" href=\"https:\/\/enerlec.com\/?p=69\">Read More<\/a><\/div><\/div><\/article>\n<article id=\"blog-1-post-78\" class=\"fusion-post-large post-78 post type-post status-publish format-standard has-post-thumbnail hentry category-news tag-honored tag-how-to-build tag-marketing-plan\">\n\t<style type=\"text\/css\">\n\t\t\n\t\t\n\t\t\n\t\t\n\t\t\t<\/style>\n\n\n\t\t\t<div class=\"fusion-flexslider flexslider fusion-flexslider-loading fusion-post-slideshow\" style=\"\">\n\t\t<ul class=\"slides\">\n\t\t\t\n\t\t\t\t\t\t\t\t\t\t\t\t\t\t<li>\n\n<div  class=\"fusion-image-wrapper\" aria-haspopup=\"true\">\n\t\n\t\n\t\t\n\t\t\t\t\t<img loading=\"lazy\" decoding=\"async\" width=\"1920\" height=\"1280\" src=\"https:\/\/enerlec.com\/wp-content\/uploads\/2015\/12\/solaire2.jpg\" class=\"attachment-full size-full wp-post-image\" alt=\"\" srcset=\"https:\/\/enerlec.com\/wp-content\/uploads\/2015\/12\/solaire2-200x133.jpg 200w, https:\/\/enerlec.com\/wp-content\/uploads\/2015\/12\/solaire2-400x267.jpg 400w, https:\/\/enerlec.com\/wp-content\/uploads\/2015\/12\/solaire2-600x400.jpg 600w, https:\/\/enerlec.com\/wp-content\/uploads\/2015\/12\/solaire2-800x533.jpg 800w, https:\/\/enerlec.com\/wp-content\/uploads\/2015\/12\/solaire2-1200x800.jpg 1200w, https:\/\/enerlec.com\/wp-content\/uploads\/2015\/12\/solaire2.jpg 1920w\" sizes=\"(max-width: 800px) 100vw, 1920px\" \/>\n\t\n\n\t\t<div class=\"fusion-rollover\">\n\t<div class=\"fusion-rollover-content\">\n\n\t\t\t\t\t\t\t\t\t\t\t\t\t\t<a class=\"fusion-rollover-link\" href=\"https:\/\/enerlec.com\/?p=78\">Avantage de l\u2019\u00e9nergie solaire<\/a>\n\t\t\t\n\t\t\t\t\t\t\t\t\t\t\t\t\t\t\n\t\t\t\t\t\t\t\t\n\t\t\t\t\t\t\t\t\t\t\t\t\t<div class=\"fusion-rollover-sep\"><\/div>\n\t\t\t\t\n\t\t\t\t\t\t\t\t\t\t\t\t\t\t\t\t\t\t<a class=\"fusion-rollover-gallery\" href=\"https:\/\/enerlec.com\/wp-content\/uploads\/2015\/12\/solaire2.jpg\" data-id=\"78\" data-rel=\"iLightbox[gallery]\" data-title=\"solaire2\" data-caption=\"\">\n\t\t\t\t\t\tGallery\t\t\t\t\t<\/a>\n\t\t\t\t\t\t\t\t\t\t\t\t\t\t\n\t\t\t\t\n\t\t\t\t\t\t\t\t\t\t\t\t<h4 class=\"fusion-rollover-title\">\n\t\t\t\t\t<a href=\"https:\/\/enerlec.com\/?p=78\">\n\t\t\t\t\t\tAvantage de l\u2019\u00e9nergie solaire\t\t\t\t\t<\/a>\n\t\t\t\t<\/h4>\n\t\t\t\n\t\t\t\t\t\t\t\t\t\t\t\t\t\t<div class=\"fusion-rollover-categories\"><a href=\"https:\/\/enerlec.com\/?cat=7\" rel=\"tag\">News<\/a><\/div>\t\t\t\t\t\n\t\t\n\t\t\t\t<a class=\"fusion-link-wrapper\" href=\"https:\/\/enerlec.com\/?p=78\" aria-label=\"Avantage de l\u2019\u00e9nergie solaire\"><\/a>\n\t<\/div>\n<\/div>\n\n\t\n<\/div>\n<\/li>\n\t\t\t\n\t\t\t\n\t\t\t\t\t\t\t\t\t\t\t\t\t\t\t\t\t\t\t\t\t\t\t\t\t\t\t\t\t\t\t\t\t\t\t\t\t\t\t\t\t\t\t\t\t\t\t\t\t\t\t\t\t\t\t\t\t\t\t\t\t\t\t\t\t\t\t\t<\/ul>\n\t<\/div>\n\t<div class=\"fusion-post-content post-content\"><h2 class=\"blog-shortcode-post-title entry-title\"><a href=\"https:\/\/enerlec.com\/?p=78\">Avantage de l\u2019\u00e9nergie solaire<\/a><\/h2><div class=\"fusion-post-content-container\"><p> Avantage de l\u2019\u00e9nergie solaire    Bon nombre d\u2019avantages sont li\u00e9s \u00e0 l\u2019exploitation de l\u2019\u00e9nergie solaire. Cette derni\u00e8re int\u00e8gre avant tout la grande famille des \u00e9nergies renouvelables. Elle permet \u00e9galement la production d\u2019\u00e9lectricit\u00e9, sans cons\u00e9quence sur l\u2019environnement, et<\/p><\/div><\/div><div class=\"fusion-clearfix\"><\/div><div class=\"fusion-meta-info\"><div class=\"fusion-alignleft\"><span class=\"updated\" style=\"display:none;\">2020-11-03T13:07:05+01:00<\/span>By <span class=\"vcard\"><span class=\"fn\"><a href=\"https:\/\/enerlec.com\/?author=1\" title=\"Articles par webmaster\" rel=\"author\">webmaster<\/a><\/span><\/span><span class=\"fusion-inline-sep\">|<\/span><a href=\"https:\/\/enerlec.com\/?cat=7\" rel=\"category\">News<\/a><span class=\"fusion-inline-sep\">|<\/span><\/div><div class=\"fusion-alignright\"><a class=\"fusion-read-more\" href=\"https:\/\/enerlec.com\/?p=78\">Read More<\/a><\/div><\/div><\/article>\n<\/div><\/div><div class=\"fusion-clearfix\"><\/div>\n\n\t\t\t\t\t<\/div>\n\t\t\t\t<\/div><\/div><\/div>\n","protected":false},"excerpt":{"rendered":"","protected":false},"author":1,"featured_media":0,"parent":0,"menu_order":0,"comment_status":"closed","ping_status":"closed","template":"100-width.php","meta":{"footnotes":""},"_links":{"self":[{"href":"https:\/\/enerlec.com\/index.php?rest_route=\/wp\/v2\/pages\/13"}],"collection":[{"href":"https:\/\/enerlec.com\/index.php?rest_route=\/wp\/v2\/pages"}],"about":[{"href":"https:\/\/enerlec.com\/index.php?rest_route=\/wp\/v2\/types\/page"}],"author":[{"embeddable":true,"href":"https:\/\/enerlec.com\/index.php?rest_route=\/wp\/v2\/users\/1"}],"replies":[{"embeddable":true,"href":"https:\/\/enerlec.com\/index.php?rest_route=%2Fwp%2Fv2%2Fcomments&post=13"}],"version-history":[{"count":2,"href":"https:\/\/enerlec.com\/index.php?rest_route=\/wp\/v2\/pages\/13\/revisions"}],"predecessor-version":[{"id":1256,"href":"https:\/\/enerlec.com\/index.php?rest_route=\/wp\/v2\/pages\/13\/revisions\/1256"}],"wp:attachment":[{"href":"https:\/\/enerlec.com\/index.php?rest_route=%2Fwp%2Fv2%2Fmedia&parent=13"}],"curies":[{"name":"wp","href":"https:\/\/api.w.org\/{rel}","templated":true}]}}