{"id":1281,"date":"2020-10-03T13:47:17","date_gmt":"2020-10-03T11:47:17","guid":{"rendered":"http:\/\/enerlec.com\/?page_id=1281"},"modified":"2020-12-16T15:37:39","modified_gmt":"2020-12-16T14:37:39","slug":"nos-valeurs","status":"publish","type":"page","link":"https:\/\/enerlec.com\/?page_id=1281","title":{"rendered":"Nos valeurs"},"content":{"rendered":"<p><div class=\"fusion-fullwidth fullwidth-box nonhundred-percent-fullwidth non-hundred-percent-height-scrolling\"  style='background-color: #fed03d;background-position: left top;background-repeat: no-repeat;padding-top:50px;padding-right:0px;padding-bottom:50px;padding-left:0px;'><div class=\"fusion-builder-row fusion-row \"><div  class=\"fusion-layout-column fusion_builder_column fusion_builder_column_1_1 fusion-builder-column-1 fusion-one-full fusion-column-first fusion-column-last 1_1\"  style='margin-top:0px;margin-bottom:0px;'>\n\t\t\t\t\t<div class=\"fusion-column-wrapper\" style=\"padding: 0px 0px 0px 0px;background-position:left top;background-repeat:no-repeat;-webkit-background-size:cover;-moz-background-size:cover;-o-background-size:cover;background-size:cover;\"   data-bg-url=\"\">\n\t\t\t\t\t\t<div class=\"fusion-text\"><h2 style=\"font-weight: 300; text-align: center;\">ENERLEC<\/h2>\n<\/div><div class=\"fusion-clearfix\"><\/div>\n\n\t\t\t\t\t<\/div>\n\t\t\t\t<\/div><\/div><\/div><div id=\"section1\" class=\"fusion-fullwidth fullwidth-box mass-responsive-section nonhundred-percent-fullwidth non-hundred-percent-height-scrolling\"  style='background-color: rgba(255,255,255,0);background-position: left top;background-repeat: no-repeat;padding-top:3%;padding-right:0px;padding-left:0px;'><div class=\"fusion-builder-row fusion-row \"><div  class=\"fusion-layout-column fusion_builder_column fusion_builder_column_1_1 fusion-builder-column-2 fusion-one-full fusion-column-first fusion-column-last mass-intro 1_1\"  style='margin-top:42px;margin-bottom:20px;'>\n\t\t\t\t\t<div class=\"fusion-column-wrapper\" style=\"padding: 0px 15% 0px 15%;background-position:left top;background-repeat:no-repeat;-webkit-background-size:cover;-moz-background-size:cover;-o-background-size:cover;background-size:cover;\"   data-bg-url=\"\">\n\t\t\t\t\t\t<div class=\"fusion-title title fusion-title-1 fusion-sep-none fusion-title-center fusion-title-size-two\" style=\"margin-top:0px;margin-bottom:20px;\"><h2 class=\"title-heading-center\" style=\"margin:0;\">Nos valeurs<\/h2><\/div><div class=\"fusion-sep-clear\"><\/div><div class=\"fusion-separator sep-single sep-solid\" style=\"border-color:#fed03d;border-top-width:2px;margin-left: auto;margin-right: auto;margin-top:0px;margin-bottom:30px;width:100%;max-width:206px;\"><\/div><div class=\"fusion-text\"><p style=\"text-align: center;\">Des valeurs fortes sont au c\u0153ur de notre soci\u00e9t\u00e9 depuis sa cr\u00e9ation. Elles guident nos actions au quotidien et constituent un socle commun que l\u2019ensemble de l\u2019\u00e9quipe de ENERLEC partage et s\u2019engage \u00e0 respecter :<\/p>\n<\/div><div class=\"fusion-tabs fusion-tabs-1 classic horizontal-tabs icon-position-left\"><style type=\"text\/css\">.fusion-tabs.fusion-tabs-1 .nav-tabs li a{border-top-color:#f5f5f5;background-color:#f5f5f5;}.fusion-tabs.fusion-tabs-1 .nav-tabs{background-color:#ffffff;}.fusion-tabs.fusion-tabs-1 .nav-tabs li.active a,.fusion-tabs.fusion-tabs-1 .nav-tabs li.active a:hover,.fusion-tabs.fusion-tabs-1 .nav-tabs li.active a:focus{border-right-color:#ffffff;}.fusion-tabs.fusion-tabs-1 .nav-tabs li.active a,.fusion-tabs.fusion-tabs-1 .nav-tabs li.active a:hover,.fusion-tabs.fusion-tabs-1 .nav-tabs li.active a:focus{background-color:#ffffff;}.fusion-tabs.fusion-tabs-1 .nav-tabs li a:hover{background-color:#ffffff;border-top-color:#ffffff;}.fusion-tabs.fusion-tabs-1 .tab-pane{background-color:#ffffff;}.fusion-tabs.fusion-tabs-1 .nav,.fusion-tabs.fusion-tabs-1 .nav-tabs,.fusion-tabs.fusion-tabs-1 .tab-content .tab-pane{border-color:#f5f5f5;}<\/style><div class=\"nav\"><ul class=\"nav-tabs nav-justified\"><li class=\"active\"><a class=\"tab-link\" data-toggle=\"tab\" id=\"fusion-tab-laformation\" href=\"#tab-eaaca109afe5e4fa8c1\"><h4 class=\"fusion-tab-heading\">La formation<\/h4><\/a><\/li><li><a class=\"tab-link\" data-toggle=\"tab\" id=\"fusion-tab-larapidit\u00e9\" href=\"#tab-213e0c74d71014a6870\"><h4 class=\"fusion-tab-heading\">La rapidit\u00e9<\/h4><\/a><\/li><li><a class=\"tab-link\" data-toggle=\"tab\" id=\"fusion-tab-laperfection\" href=\"#tab-6b052cc554f2e839010\"><h4 class=\"fusion-tab-heading\">La perfection<\/h4><\/a><\/li><li><a class=\"tab-link\" data-toggle=\"tab\" id=\"fusion-tab-l&#039;int\u00e9grit\u00e9\" href=\"#tab-a785cec9296dde6e26f\"><h4 class=\"fusion-tab-heading\">L'int\u00e9grit\u00e9<\/h4><\/a><\/li><li><a class=\"tab-link\" data-toggle=\"tab\" id=\"fusion-tab-laresponsabilit\u00e9\" href=\"#tab-e0656f33d63e25e37fd\"><h4 class=\"fusion-tab-heading\">La responsabilit\u00e9<\/h4><\/a><\/li><\/ul><\/div><div class=\"tab-content\"><div class=\"nav fusion-mobile-tab-nav\"><ul class=\"nav-tabs nav-justified\"><li class=\"active\"><a class=\"tab-link\" data-toggle=\"tab\" id=\"mobile-fusion-tab-laformation\" href=\"#tab-eaaca109afe5e4fa8c1\"><h4 class=\"fusion-tab-heading\">La formation<\/h4><\/a><\/li><\/ul><\/div><div class=\"tab-pane fade fusion-clearfix in active\" id=\"tab-eaaca109afe5e4fa8c1\">Le personnel ENERLEC est r\u00e9guli\u00e8rement form\u00e9 dans divers domaines de l\u2019\u00e9lectricit\u00e9 courant fort et courant faible pour lui permettre d\u2019\u00eatre en phase avec l\u2019\u00e9volution des technologies et d\u2019\u00eatre beaucoup plus performant sur les chantiers.<br \/>\nLe personnel d\u2019encadrement et ex\u00e9cutant dispose d\u2019habilitations d\u00e9livr\u00e9es par des structures agr\u00e9es telles VERITAS et APAVE BURKINA. Il s\u2019agit entre autres :<br \/>\n\uf0a7 De l\u2019Habilitation \u00e9lectrique Basse Tension et Haute,<br \/>\n\uf0a7 Port des EPI contre les chutes de hauteur,<br \/>\n\uf0a7 Montage \u2013 D\u00e9montage et utilisation en s\u00e9curit\u00e9 d\u2019EPI.<\/div><div class=\"nav fusion-mobile-tab-nav\"><ul class=\"nav-tabs nav-justified\"><li><a class=\"tab-link\" data-toggle=\"tab\" id=\"mobile-fusion-tab-larapidit\u00e9\" href=\"#tab-213e0c74d71014a6870\"><h4 class=\"fusion-tab-heading\">La rapidit\u00e9<\/h4><\/a><\/li><\/ul><\/div><div class=\"tab-pane fade fusion-clearfix\" id=\"tab-213e0c74d71014a6870\">La promptitude et la rapidit\u00e9 dans l\u2019ex\u00e9cution des t\u00e2ches sont des crit\u00e8res qui distinguent le personnel de ENERLEC.<\/div><div class=\"nav fusion-mobile-tab-nav\"><ul class=\"nav-tabs nav-justified\"><li><a class=\"tab-link\" data-toggle=\"tab\" id=\"mobile-fusion-tab-laperfection\" href=\"#tab-6b052cc554f2e839010\"><h4 class=\"fusion-tab-heading\">La perfection<\/h4><\/a><\/li><\/ul><\/div><div class=\"tab-pane fade fusion-clearfix\" id=\"tab-6b052cc554f2e839010\">La perfection est un \u00e9l\u00e9ment qui guide notre esprit dans les solutions que nous apportons aux clients. Le go\u00fbt pour l\u2019excellence nous incite \u00e0 offrir des services de qualit\u00e9s, dans de meilleurs d\u00e9lais.<br \/>\nLa satisfaction du client<br \/>\nNous faisons de la satisfaction de la client\u00e8le notre qu\u00eate perp\u00e9tuelle.<\/div><div class=\"nav fusion-mobile-tab-nav\"><ul class=\"nav-tabs nav-justified\"><li><a class=\"tab-link\" data-toggle=\"tab\" id=\"mobile-fusion-tab-l&#039;int\u00e9grit\u00e9\" href=\"#tab-a785cec9296dde6e26f\"><h4 class=\"fusion-tab-heading\">L'int\u00e9grit\u00e9<\/h4><\/a><\/li><\/ul><\/div><div class=\"tab-pane fade fusion-clearfix\" id=\"tab-a785cec9296dde6e26f\">L\u2019\u00e9thique et la rigueur morale conditionnent notre fa\u00e7on de travailler et d\u2019accompagner nos clients.<br \/>\nPolitique Hygi\u00e8ne \u2013 S\u00e9curit\u00e9 \u2013 Qualit\u00e9 \u2013 Environnement (HSQE)<br \/>\nENERLEC int\u00e8gre dans son organisation, une politique HSQE, qui lui permet d\u2019intervenir sur diff\u00e9rents sites allant de l\u2019industrie aux installations p\u00e9troli\u00e8res.<\/div><div class=\"nav fusion-mobile-tab-nav\"><ul class=\"nav-tabs nav-justified\"><li><a class=\"tab-link\" data-toggle=\"tab\" id=\"mobile-fusion-tab-laresponsabilit\u00e9\" href=\"#tab-e0656f33d63e25e37fd\"><h4 class=\"fusion-tab-heading\">La responsabilit\u00e9<\/h4><\/a><\/li><\/ul><\/div><div class=\"tab-pane fade fusion-clearfix\" id=\"tab-e0656f33d63e25e37fd\">Nous r\u00e9pondons aux enjeux de nos clients comme s\u2019il s\u2019agissait des n\u00f4tres et nous sommes soucieux de la fa\u00e7on dont notre travail peut affecter la soci\u00e9t\u00e9 dans laquelle nous vivons.<br \/>\nResponsabilit\u00e9 sociale de l\u2019entreprise : ENERLEC est couvert par une assurance responsabilit\u00e9 civile souscrite aupr\u00e8s d\u2019une soci\u00e9t\u00e9 d\u2019assurance de renom.<\/div><\/div><\/div><div class=\"fusion-clearfix\"><\/div>\n\n\t\t\t\t\t<\/div>\n\t\t\t\t<\/div><\/div><\/div><\/p>\n","protected":false},"excerpt":{"rendered":"","protected":false},"author":1,"featured_media":0,"parent":0,"menu_order":0,"comment_status":"closed","ping_status":"closed","template":"100-width.php","meta":{"footnotes":""},"_links":{"self":[{"href":"https:\/\/enerlec.com\/index.php?rest_route=\/wp\/v2\/pages\/1281"}],"collection":[{"href":"https:\/\/enerlec.com\/index.php?rest_route=\/wp\/v2\/pages"}],"about":[{"href":"https:\/\/enerlec.com\/index.php?rest_route=\/wp\/v2\/types\/page"}],"author":[{"embeddable":true,"href":"https:\/\/enerlec.com\/index.php?rest_route=\/wp\/v2\/users\/1"}],"replies":[{"embeddable":true,"href":"https:\/\/enerlec.com\/index.php?rest_route=%2Fwp%2Fv2%2Fcomments&post=1281"}],"version-history":[{"count":10,"href":"https:\/\/enerlec.com\/index.php?rest_route=\/wp\/v2\/pages\/1281\/revisions"}],"predecessor-version":[{"id":1492,"href":"https:\/\/enerlec.com\/index.php?rest_route=\/wp\/v2\/pages\/1281\/revisions\/1492"}],"wp:attachment":[{"href":"https:\/\/enerlec.com\/index.php?rest_route=%2Fwp%2Fv2%2Fmedia&parent=1281"}],"curies":[{"name":"wp","href":"https:\/\/api.w.org\/{rel}","templated":true}]}}