{"id":1279,"date":"2020-10-03T13:46:06","date_gmt":"2020-10-03T11:46:06","guid":{"rendered":"http:\/\/enerlec.com\/?page_id=1279"},"modified":"2020-12-16T15:37:01","modified_gmt":"2020-12-16T14:37:01","slug":"notre-histoire","status":"publish","type":"page","link":"https:\/\/enerlec.com\/?page_id=1279","title":{"rendered":"Notre histoire"},"content":{"rendered":"<p><div class=\"fusion-fullwidth fullwidth-box nonhundred-percent-fullwidth non-hundred-percent-height-scrolling\"  style='background-color: #fed03d;background-position: left top;background-repeat: no-repeat;padding-top:50px;padding-right:0px;padding-bottom:50px;padding-left:0px;'><div class=\"fusion-builder-row fusion-row \"><div  class=\"fusion-layout-column fusion_builder_column fusion_builder_column_1_1 fusion-builder-column-1 fusion-one-full fusion-column-first fusion-column-last 1_1\"  style='margin-top:0px;margin-bottom:0px;'>\n\t\t\t\t\t<div class=\"fusion-column-wrapper\" style=\"padding: 0px 0px 0px 0px;background-position:left top;background-repeat:no-repeat;-webkit-background-size:cover;-moz-background-size:cover;-o-background-size:cover;background-size:cover;\"   data-bg-url=\"\">\n\t\t\t\t\t\t<div class=\"fusion-text\"><h2 style=\"font-weight: 300; text-align: center;\">ENERLEC<\/h2>\n<\/div><div class=\"fusion-clearfix\"><\/div>\n\n\t\t\t\t\t<\/div>\n\t\t\t\t<\/div><\/div><\/div><div id=\"section1\" class=\"fusion-fullwidth fullwidth-box mass-responsive-section nonhundred-percent-fullwidth non-hundred-percent-height-scrolling\"  style='background-color: rgba(255,255,255,0);background-position: left top;background-repeat: no-repeat;padding-top:3%;padding-right:0px;padding-left:0px;'><div class=\"fusion-builder-row fusion-row \"><div  class=\"fusion-layout-column fusion_builder_column fusion_builder_column_1_1 fusion-builder-column-2 fusion-one-full fusion-column-first fusion-column-last mass-intro 1_1\"  style='margin-top:42px;margin-bottom:20px;'>\n\t\t\t\t\t<div class=\"fusion-column-wrapper\" style=\"padding: 0px 15% 0px 15%;background-position:left top;background-repeat:no-repeat;-webkit-background-size:cover;-moz-background-size:cover;-o-background-size:cover;background-size:cover;\"   data-bg-url=\"\">\n\t\t\t\t\t\t<div class=\"fusion-title title fusion-title-1 fusion-sep-none fusion-title-center fusion-title-size-two\" style=\"margin-top:0px;margin-bottom:20px;\"><h2 class=\"title-heading-center\" style=\"margin:0;\">Notre histoire<\/h2><\/div><div class=\"fusion-sep-clear\"><\/div><div class=\"fusion-separator sep-single sep-solid\" style=\"border-color:#fed03d;border-top-width:2px;margin-left: auto;margin-right: auto;margin-top:0px;margin-bottom:30px;width:100%;max-width:206px;\"><\/div><div class=\"fusion-text\"><p style=\"text-align: center;\">ENERLEC a \u00e9t\u00e9 cr\u00e9\u00e9 en 2000 sous la forme d\u2019une Entreprise Individuelle, et est devenue une Soci\u00e9t\u00e9 A Responsabilit\u00e9 Limit\u00e9e (SARL) en 2006 avec un capital de dix millions (10 000 000) de F CFA.<br \/>\nENERLEC intervient dans divers domaines tels l\u2019\u00e9lectricit\u00e9 Industrielle, les r\u00e9seaux \u00e9lectriques HTA\/BTA, l\u2019Electricit\u00e9 B\u00e2timent, les stations de pompage, ainsi que le contr\u00f4le Technique Interne. En plus de son domaine de comp\u00e9tences, ENERLEC Sarl apporte son expertise dans le conseil, les \u00e9tudes, les Audits, le suivi et le contr\u00f4le.<\/p>\n<\/div><div class=\"fusion-clearfix\"><\/div>\n\n\t\t\t\t\t<\/div>\n\t\t\t\t<\/div><\/div><\/div><div class=\"fusion-fullwidth fullwidth-box nonhundred-percent-fullwidth non-hundred-percent-height-scrolling\"  style='background-color: rgba(255,255,255,0);background-position: right center;background-repeat: no-repeat;padding-top:0px;padding-right:0px;padding-bottom:0px;padding-left:0px;'><div class=\"fusion-builder-row fusion-row \"><div  class=\"fusion-layout-column fusion_builder_column fusion_builder_column_1_1 fusion-builder-column-3 fusion-one-full fusion-column-first fusion-column-last 1_1\"  style='margin-top:0px;margin-bottom:0px;'>\n\t\t\t\t\t<div class=\"fusion-column-wrapper\" style=\"padding: 0px 0px 0px 0px;background-position:left top;background-repeat:no-repeat;-webkit-background-size:cover;-moz-background-size:cover;-o-background-size:cover;background-size:cover;\"   data-bg-url=\"\">\n\t\t\t\t\t\t<div class=\"fusion-column-content-centered\"><div class=\"fusion-column-content\"><div class=\"imageframe-align-center\"><span class=\"fusion-imageframe imageframe-none imageframe-1 hover-type-none\"><img loading=\"lazy\" decoding=\"async\" src=\"http:\/\/enerlec.com\/wp-content\/uploads\/2020\/10\/light-bulb-4514505_1920-300x169.jpg\" width=\"300\" height=\"169\" alt=\"\" title=\"light-bulb-4514505_1920\" class=\"img-responsive wp-image-1441\" srcset=\"https:\/\/enerlec.com\/wp-content\/uploads\/2020\/10\/light-bulb-4514505_1920-200x113.jpg 200w, https:\/\/enerlec.com\/wp-content\/uploads\/2020\/10\/light-bulb-4514505_1920-400x225.jpg 400w, https:\/\/enerlec.com\/wp-content\/uploads\/2020\/10\/light-bulb-4514505_1920-600x338.jpg 600w, https:\/\/enerlec.com\/wp-content\/uploads\/2020\/10\/light-bulb-4514505_1920-800x450.jpg 800w, https:\/\/enerlec.com\/wp-content\/uploads\/2020\/10\/light-bulb-4514505_1920-1200x675.jpg 1200w, https:\/\/enerlec.com\/wp-content\/uploads\/2020\/10\/light-bulb-4514505_1920.jpg 1920w\" sizes=\"(max-width: 800px) 100vw, 300px\" \/><\/span><\/div><\/div><\/div><div class=\"fusion-clearfix\"><\/div>\n\n\t\t\t\t\t<\/div>\n\t\t\t\t<\/div><\/div><\/div><\/p>\n","protected":false},"excerpt":{"rendered":"","protected":false},"author":1,"featured_media":0,"parent":0,"menu_order":0,"comment_status":"closed","ping_status":"closed","template":"100-width.php","meta":{"footnotes":""},"_links":{"self":[{"href":"https:\/\/enerlec.com\/index.php?rest_route=\/wp\/v2\/pages\/1279"}],"collection":[{"href":"https:\/\/enerlec.com\/index.php?rest_route=\/wp\/v2\/pages"}],"about":[{"href":"https:\/\/enerlec.com\/index.php?rest_route=\/wp\/v2\/types\/page"}],"author":[{"embeddable":true,"href":"https:\/\/enerlec.com\/index.php?rest_route=\/wp\/v2\/users\/1"}],"replies":[{"embeddable":true,"href":"https:\/\/enerlec.com\/index.php?rest_route=%2Fwp%2Fv2%2Fcomments&post=1279"}],"version-history":[{"count":4,"href":"https:\/\/enerlec.com\/index.php?rest_route=\/wp\/v2\/pages\/1279\/revisions"}],"predecessor-version":[{"id":1450,"href":"https:\/\/enerlec.com\/index.php?rest_route=\/wp\/v2\/pages\/1279\/revisions\/1450"}],"wp:attachment":[{"href":"https:\/\/enerlec.com\/index.php?rest_route=%2Fwp%2Fv2%2Fmedia&parent=1279"}],"curies":[{"name":"wp","href":"https:\/\/api.w.org\/{rel}","templated":true}]}}